{"id":2639,"date":"2024-02-05T13:00:50","date_gmt":"2024-02-05T13:00:50","guid":{"rendered":"https:\/\/dtthemes.kinsta.cloud\/veedoo\/?page_id=2639"},"modified":"2024-09-10T15:52:32","modified_gmt":"2024-09-10T15:52:32","slug":"contact-us","status":"publish","type":"page","link":"https:\/\/leonalogistics.com\/en\/contact-us\/","title":{"rendered":"Contact Us"},"content":{"rendered":"<div data-elementor-type=\"wp-page\" data-elementor-id=\"2639\" class=\"elementor elementor-2639\" data-elementor-post-type=\"page\">\n\t\t\t\t\t\t<section class=\"elementor-section elementor-top-section elementor-element elementor-element-2d4c8f3 elementor-reverse-tablet elementor-reverse-mobile_extra elementor-reverse-mobile elementor-section-boxed elementor-section-height-default elementor-section-height-default\" data-id=\"2d4c8f3\" data-element_type=\"section\" data-settings=\"{&quot;wdt_bg_image&quot;:{&quot;url&quot;:&quot;&quot;,&quot;id&quot;:&quot;&quot;,&quot;size&quot;:&quot;&quot;},&quot;wdt_bg_image_laptop&quot;:{&quot;url&quot;:&quot;&quot;,&quot;id&quot;:&quot;&quot;,&quot;size&quot;:&quot;&quot;},&quot;wdt_bg_image_tablet_extra&quot;:{&quot;url&quot;:&quot;&quot;,&quot;id&quot;:&quot;&quot;,&quot;size&quot;:&quot;&quot;},&quot;wdt_bg_image_tablet&quot;:{&quot;url&quot;:&quot;&quot;,&quot;id&quot;:&quot;&quot;,&quot;size&quot;:&quot;&quot;},&quot;wdt_bg_image_mobile_extra&quot;:{&quot;url&quot;:&quot;&quot;,&quot;id&quot;:&quot;&quot;,&quot;size&quot;:&quot;&quot;},&quot;wdt_bg_image_mobile&quot;:{&quot;url&quot;:&quot;&quot;,&quot;id&quot;:&quot;&quot;,&quot;size&quot;:&quot;&quot;},&quot;wdt_bg_position&quot;:&quot;center center&quot;,&quot;wdt_animation_effect&quot;:&quot;none&quot;}\">\n\t\t\t\t\t\t<div class=\"elementor-container elementor-column-gap-no\">\n\t\t\t\t\t<div class=\"elementor-column elementor-col-50 elementor-top-column elementor-element elementor-element-6b2579e\" data-id=\"6b2579e\" data-element_type=\"column\">\n\t\t\t<div class=\"elementor-widget-wrap elementor-element-populated\">\n\t\t\t\t\t\t<div class=\"elementor-element elementor-element-156efb4 wdt-custom-inview elementor-hidden-tablet elementor-hidden-mobile_extra elementor-hidden-mobile elementor-widget elementor-widget-wdt-heading\" data-id=\"156efb4\" data-element_type=\"widget\" data-settings=\"{&quot;wdt_enable_inview_status&quot;:&quot;true&quot;,&quot;split_heading&quot;:&quot;true&quot;,&quot;wdt_animation_effect&quot;:&quot;none&quot;}\" data-widget_type=\"wdt-heading.default\">\n\t\t\t\t<div class=\"elementor-widget-container\">\n\t\t\t<div class=\"wdt-heading-holder\" id=\"wdt-heading-156efb4\"><div class=\"wdt-heading-subtitle-wrapper wdt-heading-align-\"><span class=\"wdt-heading-subtitle\">Contact Us<\/span><\/div><\/div>\t\t<\/div>\n\t\t\t\t<\/div>\n\t\t\t\t<div class=\"elementor-element elementor-element-c6d1fa9 elementor-widget__width-initial wdt-cus-contact-details elementor-invisible elementor-widget elementor-widget-wdt-icon-box\" data-id=\"c6d1fa9\" data-element_type=\"widget\" data-settings=\"{&quot;columns_tablet_extra&quot;:&quot;1&quot;,&quot;columns_mobile_extra&quot;:&quot;1&quot;,&quot;_animation&quot;:&quot;fadeInLeft&quot;,&quot;_animation_delay&quot;:100,&quot;columns&quot;:&quot;1&quot;,&quot;columns_laptop&quot;:2,&quot;columns_tablet&quot;:2,&quot;columns_mobile&quot;:1,&quot;carousel_arrows_prev_arrow_vertical_top_indent&quot;:{&quot;unit&quot;:&quot;%&quot;,&quot;size&quot;:&quot;&quot;,&quot;sizes&quot;:[]},&quot;carousel_arrows_prev_arrow_vertical_top_indent_laptop&quot;:{&quot;unit&quot;:&quot;px&quot;,&quot;size&quot;:&quot;&quot;,&quot;sizes&quot;:[]},&quot;carousel_arrows_prev_arrow_vertical_top_indent_tablet_extra&quot;:{&quot;unit&quot;:&quot;px&quot;,&quot;size&quot;:&quot;&quot;,&quot;sizes&quot;:[]},&quot;carousel_arrows_prev_arrow_vertical_top_indent_tablet&quot;:{&quot;unit&quot;:&quot;%&quot;,&quot;size&quot;:&quot;&quot;,&quot;sizes&quot;:[]},&quot;carousel_arrows_prev_arrow_vertical_top_indent_mobile_extra&quot;:{&quot;unit&quot;:&quot;px&quot;,&quot;size&quot;:&quot;&quot;,&quot;sizes&quot;:[]},&quot;carousel_arrows_prev_arrow_vertical_top_indent_mobile&quot;:{&quot;unit&quot;:&quot;%&quot;,&quot;size&quot;:&quot;&quot;,&quot;sizes&quot;:[]},&quot;carousel_arrows_prev_arrow_horizontal_left_indent&quot;:{&quot;unit&quot;:&quot;%&quot;,&quot;size&quot;:&quot;&quot;,&quot;sizes&quot;:[]},&quot;carousel_arrows_prev_arrow_horizontal_left_indent_laptop&quot;:{&quot;unit&quot;:&quot;px&quot;,&quot;size&quot;:&quot;&quot;,&quot;sizes&quot;:[]},&quot;carousel_arrows_prev_arrow_horizontal_left_indent_tablet_extra&quot;:{&quot;unit&quot;:&quot;px&quot;,&quot;size&quot;:&quot;&quot;,&quot;sizes&quot;:[]},&quot;carousel_arrows_prev_arrow_horizontal_left_indent_tablet&quot;:{&quot;unit&quot;:&quot;%&quot;,&quot;size&quot;:&quot;&quot;,&quot;sizes&quot;:[]},&quot;carousel_arrows_prev_arrow_horizontal_left_indent_mobile_extra&quot;:{&quot;unit&quot;:&quot;px&quot;,&quot;size&quot;:&quot;&quot;,&quot;sizes&quot;:[]},&quot;carousel_arrows_prev_arrow_horizontal_left_indent_mobile&quot;:{&quot;unit&quot;:&quot;%&quot;,&quot;size&quot;:&quot;&quot;,&quot;sizes&quot;:[]},&quot;carousel_arrows_next_arrow_vertical_top_indent&quot;:{&quot;unit&quot;:&quot;%&quot;,&quot;size&quot;:&quot;&quot;,&quot;sizes&quot;:[]},&quot;carousel_arrows_next_arrow_vertical_top_indent_laptop&quot;:{&quot;unit&quot;:&quot;px&quot;,&quot;size&quot;:&quot;&quot;,&quot;sizes&quot;:[]},&quot;carousel_arrows_next_arrow_vertical_top_indent_tablet_extra&quot;:{&quot;unit&quot;:&quot;px&quot;,&quot;size&quot;:&quot;&quot;,&quot;sizes&quot;:[]},&quot;carousel_arrows_next_arrow_vertical_top_indent_tablet&quot;:{&quot;unit&quot;:&quot;%&quot;,&quot;size&quot;:&quot;&quot;,&quot;sizes&quot;:[]},&quot;carousel_arrows_next_arrow_vertical_top_indent_mobile_extra&quot;:{&quot;unit&quot;:&quot;px&quot;,&quot;size&quot;:&quot;&quot;,&quot;sizes&quot;:[]},&quot;carousel_arrows_next_arrow_vertical_top_indent_mobile&quot;:{&quot;unit&quot;:&quot;%&quot;,&quot;size&quot;:&quot;&quot;,&quot;sizes&quot;:[]},&quot;carousel_arrows_next_arrow_horizontal_left_indent&quot;:{&quot;unit&quot;:&quot;%&quot;,&quot;size&quot;:&quot;&quot;,&quot;sizes&quot;:[]},&quot;carousel_arrows_next_arrow_horizontal_left_indent_laptop&quot;:{&quot;unit&quot;:&quot;px&quot;,&quot;size&quot;:&quot;&quot;,&quot;sizes&quot;:[]},&quot;carousel_arrows_next_arrow_horizontal_left_indent_tablet_extra&quot;:{&quot;unit&quot;:&quot;px&quot;,&quot;size&quot;:&quot;&quot;,&quot;sizes&quot;:[]},&quot;carousel_arrows_next_arrow_horizontal_left_indent_tablet&quot;:{&quot;unit&quot;:&quot;%&quot;,&quot;size&quot;:&quot;&quot;,&quot;sizes&quot;:[]},&quot;carousel_arrows_next_arrow_horizontal_left_indent_mobile_extra&quot;:{&quot;unit&quot;:&quot;px&quot;,&quot;size&quot;:&quot;&quot;,&quot;sizes&quot;:[]},&quot;carousel_arrows_next_arrow_horizontal_left_indent_mobile&quot;:{&quot;unit&quot;:&quot;%&quot;,&quot;size&quot;:&quot;&quot;,&quot;sizes&quot;:[]},&quot;wdt_animation_effect&quot;:&quot;none&quot;}\" data-widget_type=\"wdt-icon-box.default\">\n\t\t\t\t<div class=\"elementor-widget-container\">\n\t\t\t<div class=\"wdt-icon-box-holder wdt-content-item-holder wdt-column-holder wdt-rc-template-custom-template\" id=\"wdt-icon-box-c6d1fa9\" data-settings=\"\"><div class=\"wdt-column-wrapper wdt-column-gap-default\" data-column-settings=\"\" data-module-id=\"wdt-module-id-c6d1fa9\" id=\"wdt-module-id-c6d1fa9\"><div class=\"wdt-column\"><div class=\"wdt-content-item\"><div class=\"wdt-content-media-group\"><div class=\"wdt-content-icon-wrapper\"><div class=\"wdt-content-icon\"><span><i><svg xmlns=\"http:\/\/www.w3.org\/2000\/svg\" xmlns:xlink=\"http:\/\/www.w3.org\/1999\/xlink\" x=\"0px\" y=\"0px\" viewbox=\"0 0 40 40\" style=\"enable-background:new 0 0 40 40;\" xml:space=\"preserve\"><path d=\"M8.5,30.5H3.8c-1.9-2.9-3.2-6.3-3.3-10h6.2C6.8,24.1,7.4,27.5,8.5,30.5L8.5,30.5z\"><\/path><path d=\"M13.5,37.5c-3.1-1.1-5.8-2.8-8-5h4.3c0.3,0.7,0.7,1.3,1.1,1.9C11.7,35.6,12.6,36.6,13.5,37.5L13.5,37.5z\"><\/path><path d=\"M35.5,32.5c-2.2,2.2-4.9,3.9-8,5c0.9-0.9,1.8-1.9,2.6-3.1c0.4-0.6,0.8-1.3,1.1-1.9H35.5L35.5,32.5z\"><\/path><path d=\"M39.5,20.5c-0.2,3.7-1.4,7.1-3.3,10h-4.7c1.1-3,1.7-6.4,1.8-10H39.5z\"><\/path><path d=\"M39.5,18.5h-6.2c-0.1-3.6-0.7-7-1.8-10h4.7C38.1,11.4,39.3,14.8,39.5,18.5z\"><\/path><path d=\"M35.5,6.5h-4.3c-0.3-0.7-0.7-1.3-1.1-1.9c-0.8-1.2-1.7-2.2-2.6-3.1C30.6,2.6,33.3,4.3,35.5,6.5L35.5,6.5z\"><\/path><path d=\"M8.5,8.5c-1.1,3-1.7,6.4-1.8,10H0.5c0.2-3.7,1.4-7.1,3.3-10H8.5z\"><\/path><path d=\"M13.5,1.5c-0.9,0.9-1.8,1.9-2.6,3.1c-0.4,0.6-0.8,1.3-1.1,1.9H5.5C7.7,4.3,10.4,2.6,13.5,1.5L13.5,1.5z\"><\/path><path d=\"M30.5,20.5c-0.1,3.6-0.8,7.1-1.9,10h-8.1v-10H30.5z\"><\/path><path d=\"M18.5,20.5v10h-8.1c-1.2-2.9-1.8-6.4-1.9-10H18.5z\"><\/path><path d=\"M18.5,32.5v7c-2.4-0.4-4.7-2.5-6.4-5.9c-0.2-0.4-0.4-0.7-0.6-1.1H18.5L18.5,32.5z\"><\/path><path d=\"M27.5,32.5c-0.2,0.4-0.4,0.8-0.6,1.1c-1.8,3.4-4,5.5-6.4,5.9v-7H27.5L27.5,32.5z\"><\/path><path d=\"M18.5,0.5v7h-7c0.2-0.4,0.4-0.8,0.6-1.1C13.8,3,16.1,0.9,18.5,0.5z\"><\/path><path d=\"M27.5,7.5h-7v-7c2.4,0.4,4.7,2.5,6.4,5.9C27.1,6.7,27.3,7.1,27.5,7.5L27.5,7.5z\"><\/path><path d=\"M30.5,18.5h-10v-10h8.1C29.7,11.4,30.4,14.9,30.5,18.5z\"><\/path><path d=\"M18.5,8.5v10h-10c0.1-3.6,0.8-7.1,1.9-10H18.5z\"><\/path><\/svg><\/i><\/span><\/div><\/div><\/div><div class=\"wdt-content-detail-group\"><div class=\"wdt-content-subtitle\">Our Address<\/div><div class=\"wdt-content-description\"><p>Tarcoles Grarabito Puntarenas, de la segunda entrada de Quebrada Ganado 800 Sur, carretera a Jaco.<\/p><\/div><\/div><\/div><\/div><div class=\"wdt-column\"><div class=\"wdt-content-item\"><div class=\"wdt-content-media-group\"><div class=\"wdt-content-icon-wrapper\"><div class=\"wdt-content-icon\"><span><i><svg xmlns=\"http:\/\/www.w3.org\/2000\/svg\" xmlns:xlink=\"http:\/\/www.w3.org\/1999\/xlink\" x=\"0px\" y=\"0px\" viewbox=\"0 0 40 40\" style=\"enable-background:new 0 0 40 40;\" xml:space=\"preserve\"><path d=\"M38.4,35.9c1.6-1.6,1.4-4.2-0.5-5.6l-6.3-4.6c-1.5-1.1-3.5-0.9-4.8,0.3l-1.1,1.1c-0.1,0.1-0.3,0.2-0.4,0.3 c-0.5,0.5-1.3,0.7-2,0.4C18,25.8,14.2,22,12.1,16.5c-0.3-0.7-0.1-1.5,0.4-2l0.2-0.2c0-0.1,0.1-0.1,0.1-0.2l1.1-1.1 c1.3-1.3,1.4-3.3,0.3-4.8L9.7,2c-1.3-1.8-4-2-5.6-0.5L3,2.7C1.7,4,0.9,5.6,0.6,7.4c0,0.2-0.1,0.5-0.1,0.7C0.3,12.4,1.8,17.1,5,22 c0.1,0.2,0.2,0.3,0.3,0.5c3.2,4.8,7.3,8.9,12.1,12.1c0.2,0.1,0.3,0.2,0.5,0.3c4.9,3.2,9.6,4.8,14,4.5c0.2,0,0.5,0,0.7-0.1 c1.8-0.3,3.4-1.1,4.7-2.4L38.4,35.9L38.4,35.9z\"><\/path><path d=\"M39.5,19.1c-0.4-4.8-2.4-9.3-5.8-12.7c-3.4-3.4-7.9-5.5-12.7-5.8c-0.7-0.1-1.4,0.5-1.4,1.2c-0.1,0.7,0.5,1.4,1.2,1.4 c4.2,0.3,8.1,2.1,11.1,5.1c3,3,4.8,6.9,5.1,11.1c0.1,0.7,0.6,1.2,1.3,1.2c0,0,0.1,0,0.1,0C39,20.4,39.6,19.8,39.5,19.1L39.5,19.1z\"><\/path><path d=\"M28.7,12.3C26.6,10.2,24,8.9,21,8.5c-0.8-0.1-1.4,0.4-1.5,1.2c-0.1,0.8,0.4,1.4,1.2,1.5c2.3,0.3,4.4,1.3,6.1,3 c1.7,1.7,2.7,3.8,3,6.1c0.1,0.7,0.7,1.2,1.4,1.2c0.1,0,0.1,0,0.2,0c0.8-0.1,1.3-0.8,1.2-1.5C32.1,17,30.8,14.4,28.7,12.3L28.7,12.3z \"><\/path><\/svg><\/i><\/span><\/div><\/div><\/div><div class=\"wdt-content-detail-group\"><div class=\"wdt-content-subtitle\">Phone<\/div><div class=\"wdt-content-description\"><p><a href=\"tel:123-456-789\">+(506)\u00a0<\/a><a href=\"tel:506  8989 4381\"><span class=\"elementor-icon-list-text\"> 8989 4381<\/span><\/a><\/p><p>\u00a0<\/p><\/div><\/div><\/div><\/div><div class=\"wdt-column\"><div class=\"wdt-content-item\"><div class=\"wdt-content-media-group\"><div class=\"wdt-content-icon-wrapper\"><div class=\"wdt-content-icon\"><span><i><svg xmlns=\"http:\/\/www.w3.org\/2000\/svg\" xmlns:xlink=\"http:\/\/www.w3.org\/1999\/xlink\" x=\"0px\" y=\"0px\" viewbox=\"0 0 40 40\" style=\"enable-background:new 0 0 40 40;\" xml:space=\"preserve\"><path d=\"M34,13.5c-0.5-7.1-6.8-13-14-13h-0.1c-3.7,0-7.2,1.5-9.8,4.1C7.5,7.3,6,10.9,6,14.6c0,12,12.7,24.1,13.2,24.6 c0.2,0.2,0.5,0.3,0.8,0.3c0.3,0,0.6-0.1,0.8-0.3C21.3,38.7,34,26.6,34,14.6C34,14.3,34,13.9,34,13.5L34,13.5z M20,21 c-3.5,0-6.3-2.8-6.3-6.3s2.8-6.3,6.3-6.3c3.5,0,6.3,2.8,6.3,6.3S23.5,21,20,21z\"><\/path><\/svg><\/i><\/span><\/div><\/div><\/div><div class=\"wdt-content-detail-group\"><div class=\"wdt-content-subtitle\">Our schedule<\/div><div class=\"wdt-content-description\"><p>Monday - Sunday: 8 AM - 5 PM<br \/><br \/><\/p><\/div><\/div><\/div><\/div><div class=\"wdt-column\"><div class=\"wdt-content-item\"><div class=\"wdt-content-media-group\"><div class=\"wdt-content-icon-wrapper\"><div class=\"wdt-content-icon\"><span><i><svg xmlns=\"http:\/\/www.w3.org\/2000\/svg\" xmlns:xlink=\"http:\/\/www.w3.org\/1999\/xlink\" x=\"0px\" y=\"0px\" viewbox=\"0 0 40 40\" style=\"enable-background:new 0 0 40 40;\" xml:space=\"preserve\"><path d=\"M15.5,18.4C15.5,18.4,15.5,18.4,15.5,18.4L15.5,18.4C15.5,18.4,15.5,18.4,15.5,18.4C15.5,18.4,15.5,18.4,15.5,18.4l1.5,1.4 c1.7,1.6,4.3,1.6,6,0l1.4-1.3l0.2-0.2L37.3,6.7c0.1-0.1,0-0.2-0.1-0.2H2.8c-0.1,0-0.2,0.2-0.1,0.2L15.5,18.4 C15.5,18.4,15.5,18.4,15.5,18.4C15.5,18.4,15.5,18.4,15.5,18.4C15.5,18.4,15.5,18.4,15.5,18.4z\"><\/path><path d=\"M0.7,8.7c-0.1-0.1-0.2,0-0.2,0.1v22.4c0,0.1,0.1,0.2,0.2,0.1l7.7-7.9c2.2-2.2,2.1-5.8-0.2-7.9L0.7,8.7z\"><\/path><path d=\"M20.8,24.7C20.8,24.7,20.8,24.7,20.8,24.7C20.6,24.9,20.3,25,20,25c-0.3,0-0.6-0.1-0.8-0.3l-3-2.8c-0.8-0.8-2.1-0.7-2.8,0.1 L2.7,33.3c-0.1,0.1,0,0.2,0.1,0.2h34.4c0.1,0,0.2-0.2,0.1-0.2L26.6,22c-0.8-0.8-2-0.8-2.8-0.1L20.8,24.7 C20.8,24.7,20.8,24.7,20.8,24.7z\"><\/path><path d=\"M39.5,8.5C39.5,8.5,39.5,8.5,39.5,8.5l-8.5,7.7c-1.9,1.7-2,4.6-0.2,6.4l8.5,8.7c0.1,0.1,0.2,0,0.2-0.1V8.8 C39.5,8.7,39.5,8.6,39.5,8.5C39.5,8.5,39.5,8.5,39.5,8.5z\"><\/path><\/svg><\/i><\/span><\/div><\/div><\/div><div class=\"wdt-content-detail-group\"><div class=\"wdt-content-subtitle\">Mail<\/div><div class=\"wdt-content-description\"><p><a href=\"\/en\/info@example.com\/\">\u00a0info@leonalogistics.com<\/a><\/p><p>\u00a0<\/p><\/div><\/div><\/div><\/div><\/div><\/div>\t\t<\/div>\n\t\t\t\t<\/div>\n\t\t\t\t\t<\/div>\n\t\t<\/div>\n\t\t\t\t<div class=\"elementor-column elementor-col-50 elementor-top-column elementor-element elementor-element-2ffb7c0\" data-id=\"2ffb7c0\" data-element_type=\"column\">\n\t\t\t<div class=\"elementor-widget-wrap elementor-element-populated\">\n\t\t\t\t\t\t<section class=\"elementor-section elementor-inner-section elementor-element elementor-element-e4647f3 elementor-section-full_width elementor-section-height-default elementor-section-height-default\" data-id=\"e4647f3\" data-element_type=\"section\" data-settings=\"{&quot;wdt_bg_image&quot;:{&quot;url&quot;:&quot;&quot;,&quot;id&quot;:&quot;&quot;,&quot;size&quot;:&quot;&quot;},&quot;wdt_bg_image_laptop&quot;:{&quot;url&quot;:&quot;&quot;,&quot;id&quot;:&quot;&quot;,&quot;size&quot;:&quot;&quot;},&quot;wdt_bg_image_tablet_extra&quot;:{&quot;url&quot;:&quot;&quot;,&quot;id&quot;:&quot;&quot;,&quot;size&quot;:&quot;&quot;},&quot;wdt_bg_image_tablet&quot;:{&quot;url&quot;:&quot;&quot;,&quot;id&quot;:&quot;&quot;,&quot;size&quot;:&quot;&quot;},&quot;wdt_bg_image_mobile_extra&quot;:{&quot;url&quot;:&quot;&quot;,&quot;id&quot;:&quot;&quot;,&quot;size&quot;:&quot;&quot;},&quot;wdt_bg_image_mobile&quot;:{&quot;url&quot;:&quot;&quot;,&quot;id&quot;:&quot;&quot;,&quot;size&quot;:&quot;&quot;},&quot;wdt_bg_position&quot;:&quot;center center&quot;,&quot;wdt_animation_effect&quot;:&quot;none&quot;}\">\n\t\t\t\t\t\t<div class=\"elementor-container elementor-column-gap-no\">\n\t\t\t\t\t<div class=\"elementor-column elementor-col-100 elementor-inner-column elementor-element elementor-element-90cd846\" data-id=\"90cd846\" data-element_type=\"column\">\n\t\t\t<div class=\"elementor-widget-wrap elementor-element-populated\">\n\t\t\t\t\t\t<div class=\"elementor-element elementor-element-76c4aa6 wdt-custom-inview elementor-hidden-desktop elementor-hidden-laptop elementor-hidden-tablet_extra elementor-widget elementor-widget-wdt-heading\" data-id=\"76c4aa6\" data-element_type=\"widget\" data-settings=\"{&quot;wdt_enable_inview_status&quot;:&quot;true&quot;,&quot;split_heading&quot;:&quot;true&quot;,&quot;wdt_animation_effect&quot;:&quot;none&quot;}\" data-widget_type=\"wdt-heading.default\">\n\t\t\t\t<div class=\"elementor-widget-container\">\n\t\t\t<div class=\"wdt-heading-holder\" id=\"wdt-heading-76c4aa6\"><div class=\"wdt-heading-subtitle-wrapper wdt-heading-align-\"><span class=\"wdt-heading-subtitle\">Contact Us<\/span><\/div><\/div>\t\t<\/div>\n\t\t\t\t<\/div>\n\t\t\t\t<div class=\"elementor-element elementor-element-5c855ec elementor-widget elementor-widget-image\" data-id=\"5c855ec\" data-element_type=\"widget\" data-settings=\"{&quot;wdt_animation_effect&quot;:&quot;none&quot;}\" data-widget_type=\"image.default\">\n\t\t\t\t<div class=\"elementor-widget-container\">\n\t\t\t<style>\/*! elementor - v3.22.0 - 26-06-2024 *\/\n.elementor-widget-image{text-align:center}.elementor-widget-image a{display:inline-block}.elementor-widget-image a img[src$=\".svg\"]{width:48px}.elementor-widget-image img{vertical-align:middle;display:inline-block}<\/style>\t\t\t\t\t\t\t\t\t\t<img fetchpriority=\"high\" decoding=\"async\" width=\"1397\" height=\"1468\" src=\"https:\/\/leonalogistics.com\/wp-content\/uploads\/2024\/07\/contact4-min.png\" class=\"attachment-full size-full wp-image-12883\" alt=\"\" srcset=\"https:\/\/leonalogistics.com\/wp-content\/uploads\/2024\/07\/contact4-min.png 1397w, https:\/\/leonalogistics.com\/wp-content\/uploads\/2024\/07\/contact4-min-285x300.png 285w, https:\/\/leonalogistics.com\/wp-content\/uploads\/2024\/07\/contact4-min-974x1024.png 974w, https:\/\/leonalogistics.com\/wp-content\/uploads\/2024\/07\/contact4-min-768x807.png 768w\" sizes=\"(max-width: 1397px) 100vw, 1397px\" \/>\t\t\t\t\t\t\t\t\t\t\t\t\t<\/div>\n\t\t\t\t<\/div>\n\t\t\t\t\t<\/div>\n\t\t<\/div>\n\t\t\t\t\t<\/div>\n\t\t<\/section>\n\t\t\t\t\t<\/div>\n\t\t<\/div>\n\t\t\t\t\t<\/div>\n\t\t<\/section>\n\t\t\t\t<section class=\"elementor-section elementor-top-section elementor-element elementor-element-23f379f elementor-section-boxed elementor-section-height-default elementor-section-height-default\" data-id=\"23f379f\" data-element_type=\"section\" data-settings=\"{&quot;wdt_bg_image&quot;:{&quot;url&quot;:&quot;&quot;,&quot;id&quot;:&quot;&quot;,&quot;size&quot;:&quot;&quot;},&quot;wdt_bg_image_laptop&quot;:{&quot;url&quot;:&quot;&quot;,&quot;id&quot;:&quot;&quot;,&quot;size&quot;:&quot;&quot;},&quot;wdt_bg_image_tablet_extra&quot;:{&quot;url&quot;:&quot;&quot;,&quot;id&quot;:&quot;&quot;,&quot;size&quot;:&quot;&quot;},&quot;wdt_bg_image_tablet&quot;:{&quot;url&quot;:&quot;&quot;,&quot;id&quot;:&quot;&quot;,&quot;size&quot;:&quot;&quot;},&quot;wdt_bg_image_mobile_extra&quot;:{&quot;url&quot;:&quot;&quot;,&quot;id&quot;:&quot;&quot;,&quot;size&quot;:&quot;&quot;},&quot;wdt_bg_image_mobile&quot;:{&quot;url&quot;:&quot;&quot;,&quot;id&quot;:&quot;&quot;,&quot;size&quot;:&quot;&quot;},&quot;wdt_bg_position&quot;:&quot;center center&quot;,&quot;wdt_animation_effect&quot;:&quot;none&quot;}\">\n\t\t\t\t\t\t<div class=\"elementor-container elementor-column-gap-no\">\n\t\t\t\t\t<div class=\"elementor-column elementor-col-100 elementor-top-column elementor-element elementor-element-97d0c8b\" data-id=\"97d0c8b\" data-element_type=\"column\">\n\t\t\t<div class=\"elementor-widget-wrap elementor-element-populated\">\n\t\t\t\t\t\t<div class=\"elementor-element elementor-element-5756478 elementor-widget elementor-widget-shortcode\" data-id=\"5756478\" data-element_type=\"widget\" data-settings=\"{&quot;wdt_animation_effect&quot;:&quot;none&quot;}\" data-widget_type=\"shortcode.default\">\n\t\t\t\t<div class=\"elementor-widget-container\">\n\t\t\t\t\t<div class=\"elementor-shortcode\"><script src=\"https:\/\/www.cognitoforms.com\/f\/seamless.js\" data-key=\"WYWS_IZkWE6cceuYHnFjfA\" data-form=\"1\"><\/script><\/div>\n\t\t\t\t<\/div>\n\t\t\t\t<\/div>\n\t\t\t\t\t<\/div>\n\t\t<\/div>\n\t\t\t\t\t<\/div>\n\t\t<\/section>\n\t\t\t\t<\/div>","protected":false},"excerpt":{"rendered":"<p>Cont\u00e1ctanos Nuestra Direcci\u00f3n Tarcoles Grarabito Puntarenas, de la segunda entrada de Quebrada Ganado 800 Sur, carretera a Jaco. Tel\u00e9fono +(506)\u00a0 8989 4381 \u00a0 Nuestro Horario Lunes &#8211; Domingo: 8 AM &#8211; 5 PM Correo \u00a0info@leonalogistics.com \u00a0 Cont\u00e1ctanos<\/p>","protected":false},"author":1,"featured_media":0,"parent":0,"menu_order":0,"comment_status":"closed","ping_status":"closed","template":"elementor_header_footer","meta":{"footnotes":""},"class_list":["post-2639","page","type-page","status-publish","hentry"],"_links":{"self":[{"href":"https:\/\/leonalogistics.com\/en\/wp-json\/wp\/v2\/pages\/2639","targetHints":{"allow":["GET"]}}],"collection":[{"href":"https:\/\/leonalogistics.com\/en\/wp-json\/wp\/v2\/pages"}],"about":[{"href":"https:\/\/leonalogistics.com\/en\/wp-json\/wp\/v2\/types\/page"}],"author":[{"embeddable":true,"href":"https:\/\/leonalogistics.com\/en\/wp-json\/wp\/v2\/users\/1"}],"replies":[{"embeddable":true,"href":"https:\/\/leonalogistics.com\/en\/wp-json\/wp\/v2\/comments?post=2639"}],"version-history":[{"count":75,"href":"https:\/\/leonalogistics.com\/en\/wp-json\/wp\/v2\/pages\/2639\/revisions"}],"predecessor-version":[{"id":13051,"href":"https:\/\/leonalogistics.com\/en\/wp-json\/wp\/v2\/pages\/2639\/revisions\/13051"}],"wp:attachment":[{"href":"https:\/\/leonalogistics.com\/en\/wp-json\/wp\/v2\/media?parent=2639"}],"curies":[{"name":"wp","href":"https:\/\/api.w.org\/{rel}","templated":true}]}}